{"id":130,"date":"2018-02-19T22:35:58","date_gmt":"2018-02-19T21:35:58","guid":{"rendered":"http:\/\/crfvp.net\/?page_id=130"},"modified":"2019-04-26T20:58:47","modified_gmt":"2019-04-26T18:58:47","slug":"club","status":"publish","type":"page","link":"https:\/\/crfvp.net\/index.php\/club\/","title":{"rendered":"Chiffres cl\u00e9s"},"content":{"rendered":"\n<ul class=\"wp-block-list\"><li>9 clubs affili\u00e9s (156)<\/li><li>180 <em>(estimation)<\/em> planeurs (1 836)<\/li><li>10 <em>(estimation)<\/em> motoplaneurs (122)<\/li><li>x avions et ulm remorqueurs (215)<\/li><li>904 licenci\u00e9s (11 919)<\/li><li>194 jeunes de 12 \u00e0 25 ans ( 2 185)<\/li><li>x f\u00e9minines (1 256)<\/li><li>80 instructeurs b\u00e9n\u00e9voles (900)<\/li><li>23 452 heures de vol\/an (218 336)<\/li><li>646 643 km parcourus\/an (4 234 853)<\/li><\/ul>\n\n\n\n<p><em>Les donn\u00e9es sont tir\u00e9es du compte rendu de l&rsquo;AG 2019 (donn\u00e9es au 31\/12\/2018).<\/em><\/p>\n","protected":false},"excerpt":{"rendered":"<p>9 clubs affili\u00e9s (156) 180 (estimation) planeurs (1 836) 10 (estimation) motoplaneurs (122) x avions et ulm remorqueurs (215) 904 licenci\u00e9s (11 919) 194 jeunes de 12 \u00e0 25 ans ( 2 185) x f\u00e9minines (1 256) 80 instructeurs b\u00e9n\u00e9voles (900) 23 452 heures de vol\/an (218 336) 646 643 km parcourus\/an (4 234 853)\u2026<\/p>\n","protected":false},"author":1,"featured_media":0,"parent":0,"menu_order":0,"comment_status":"closed","ping_status":"closed","template":"","meta":{"footnotes":""},"class_list":["post-130","page","type-page","status-publish","hentry"],"_links":{"self":[{"href":"https:\/\/crfvp.net\/index.php\/wp-json\/wp\/v2\/pages\/130","targetHints":{"allow":["GET"]}}],"collection":[{"href":"https:\/\/crfvp.net\/index.php\/wp-json\/wp\/v2\/pages"}],"about":[{"href":"https:\/\/crfvp.net\/index.php\/wp-json\/wp\/v2\/types\/page"}],"author":[{"embeddable":true,"href":"https:\/\/crfvp.net\/index.php\/wp-json\/wp\/v2\/users\/1"}],"replies":[{"embeddable":true,"href":"https:\/\/crfvp.net\/index.php\/wp-json\/wp\/v2\/comments?post=130"}],"version-history":[{"count":16,"href":"https:\/\/crfvp.net\/index.php\/wp-json\/wp\/v2\/pages\/130\/revisions"}],"predecessor-version":[{"id":285,"href":"https:\/\/crfvp.net\/index.php\/wp-json\/wp\/v2\/pages\/130\/revisions\/285"}],"wp:attachment":[{"href":"https:\/\/crfvp.net\/index.php\/wp-json\/wp\/v2\/media?parent=130"}],"curies":[{"name":"wp","href":"https:\/\/api.w.org\/{rel}","templated":true}]}}